{"id":8,"date":"2022-05-16T17:39:40","date_gmt":"2022-05-16T17:39:40","guid":{"rendered":"https:\/\/www.fantasycarazinho.com.br\/site\/?page_id=8"},"modified":"2025-05-12T07:50:30","modified_gmt":"2025-05-12T10:50:30","slug":"o-motel","status":"publish","type":"page","link":"https:\/\/www.fantasycarazinho.com.br\/site\/o-motel\/","title":{"rendered":"O Motel"},"content":{"rendered":"<p class=\"\" data-start=\"220\" data-end=\"505\">No <strong data-start=\"223\" data-end=\"240\">Fantasy Motel<\/strong>, cada detalhe \u00e9 pensado para proporcionar uma experi\u00eancia inesquec\u00edvel \u2014 da recep\u00e7\u00e3o ao p\u00f3s-check-out. Com ambiente moderno, estrutura impec\u00e1vel e um conceito que vai muito al\u00e9m do convencional, oferecemos momentos de prazer, conforto e privacidade em alto padr\u00e3o.<\/p>\n<p class=\"\" data-start=\"507\" data-end=\"699\"><strong data-start=\"507\" data-end=\"537\">Nosso compromisso \u00e9 claro:<\/strong> oferecer atendimento exemplar, com total privacidade, conforto e excel\u00eancia. Para isso, investimos continuamente em estrutura, inova\u00e7\u00e3o e capacita\u00e7\u00e3o de equipes.<\/p>\n<p class=\"\" data-start=\"701\" data-end=\"941\">Destaque tamb\u00e9m para a nossa gastronomia, com <strong data-start=\"747\" data-end=\"786\">pratos assinados por chef de renome<\/strong>, desenvolvidos exclusivamente para o Fantasy, al\u00e9m de uma <strong data-start=\"845\" data-end=\"889\">selecionada carta de vinhos e espumantes<\/strong>, pensada para harmonizar com cada ocasi\u00e3o especial.<\/p>\n<p class=\"\" data-start=\"701\" data-end=\"941\"><strong data-start=\"947\" data-end=\"1031\">Venha viver uma experi\u00eancia \u00fanica, sofisticada e surpreendente no Fantasy Motel.<\/strong><br data-start=\"1031\" data-end=\"1034\" \/>Descubra o novo jeito de sentir-se em casa \u2014 ou ainda melhor.<\/p>\n","protected":false},"excerpt":{"rendered":"<p>No Fantasy Motel, cada detalhe \u00e9 pensado para proporcionar uma experi\u00eancia inesquec\u00edvel \u2014 da recep\u00e7\u00e3o ao p\u00f3s-check-out. Com ambiente moderno, estrutura impec\u00e1vel e um conceito que vai muito al\u00e9m do convencional, oferecemos momentos de prazer, conforto e privacidade em alto padr\u00e3o. Nosso compromisso \u00e9 claro: oferecer atendimento exemplar, com total privacidade, conforto e excel\u00eancia. Para [&hellip;]<\/p>\n","protected":false},"author":1,"featured_media":0,"parent":0,"menu_order":0,"comment_status":"closed","ping_status":"closed","template":"","meta":[],"_links":{"self":[{"href":"https:\/\/www.fantasycarazinho.com.br\/site\/wp-json\/wp\/v2\/pages\/8"}],"collection":[{"href":"https:\/\/www.fantasycarazinho.com.br\/site\/wp-json\/wp\/v2\/pages"}],"about":[{"href":"https:\/\/www.fantasycarazinho.com.br\/site\/wp-json\/wp\/v2\/types\/page"}],"author":[{"embeddable":true,"href":"https:\/\/www.fantasycarazinho.com.br\/site\/wp-json\/wp\/v2\/users\/1"}],"replies":[{"embeddable":true,"href":"https:\/\/www.fantasycarazinho.com.br\/site\/wp-json\/wp\/v2\/comments?post=8"}],"version-history":[{"count":8,"href":"https:\/\/www.fantasycarazinho.com.br\/site\/wp-json\/wp\/v2\/pages\/8\/revisions"}],"predecessor-version":[{"id":2314,"href":"https:\/\/www.fantasycarazinho.com.br\/site\/wp-json\/wp\/v2\/pages\/8\/revisions\/2314"}],"wp:attachment":[{"href":"https:\/\/www.fantasycarazinho.com.br\/site\/wp-json\/wp\/v2\/media?parent=8"}],"curies":[{"name":"wp","href":"https:\/\/api.w.org\/{rel}","templated":true}]}}