{"id":38,"date":"2022-05-16T17:44:13","date_gmt":"2022-05-16T17:44:13","guid":{"rendered":"https:\/\/www.fantasycarazinho.com.br\/site\/?page_id=38"},"modified":"2025-05-12T13:28:48","modified_gmt":"2025-05-12T16:28:48","slug":"inicio","status":"publish","type":"page","link":"https:\/\/www.fantasycarazinho.com.br\/site\/","title":{"rendered":"In\u00edcio"},"content":{"rendered":"<div style=\"display: none;\">\n<p>quarto carazinho suite carazinho, fantasyr em carazinho, motel, carazinho RS, motel e quarto bebidas carazinho<\/p>\n<h1>motel em carazinho,\u00a0fantasyr carazinho, suite carazinho,<\/h1>\n<h2>motel em carazinho, quarto carazinho e regi\u00e3o, suite carazinho em carazinho, motel venda fantasyr quarto bebidas carazinho, quarto em carazinho rs, motel, para carazinho e regi\u00e3o, motel para carazinho e regi\u00e3o\u00a0quarto bebidas quarto bebidas carazinho de motel em carazinho, quarto carazinho e regi\u00e3o, suite carazinho em carazinho, motel venda fantasyr quarto bebidas carazinho, quarto em carazinho rs, motel,<a title=\"quarto bebidas quarto bebidas carazinho de motel em carazinho, quarto carazinho e regi\u00e3o, suite carazinho em carazinho, motel venda fantasyr quarto bebidas carazinho, quarto em carazinho rs, motel, para carazinho e regi\u00e3o, motel para carazinho e regi\u00e3o\" href=\"https:\/\/www.fantasycarazinho.com.br\">para carazinho e regi\u00e3o, motel para carazinho e regi\u00e3o\u00a0quarto bebidas quarto bebidas carazinho de motel em carazinho, quarto carazinho e regi\u00e3o, suite carazinho em carazinho, motel venda fantasyr quarto bebidas carazinho, quarto em carazinho rs, motel<\/a>, para carazinho e regi\u00e3o, motel para carazinho e regi\u00e3o\u00a0quarto bebidas quarto bebidas carazinho de motel em carazinho, quarto carazinho e regi\u00e3o, suite carazinho em carazinho, motel venda fantasyr quarto bebidas carazinho, quarto em carazinho rs, motel, para carazinho e regi\u00e3o, motel para carazinho e regi\u00e3o\u00a0quarto bebidas quarto bebidas carazinho de motel em carazinho, quarto carazinho e regi\u00e3o, suite carazinho em carazinho, motel venda fantasyr quarto bebidas carazinho, quarto em carazinho rs, motel, para carazinho e regi\u00e3o,<a title=\"quarto bebidas quarto bebidas carazinho de motel em carazinho, quarto carazinho e regi\u00e3o, suite carazinho em carazinho, motel venda fantasyr quarto bebidas carazinho, quarto em carazinho rs, motel, para carazinho e regi\u00e3o, motel para carazinho e regi\u00e3o\" href=\"https:\/\/www.fantasycarazinho.com.br\/site\">motel para carazinho e regi\u00e3o\u00a0quarto bebidas quarto bebidas carazinho de motel em carazinho, quarto carazinho e regi\u00e3o, cria\u00e7\u00e3o de sit<\/a>es em carazinho, motel venda fantasyr quarto bebidas carazinho, quarto em carazinho rs, motel, para carazinho e regi\u00e3o, motel para carazinho e regi\u00e3o<\/h2>\n<div id=\"attachment_747\" style=\"width: 353px\" class=\"wp-caption aligncenter\"><a href=\"https:\/\/www.fantasycarazinho.com.br\/site\/wp-content\/uploads\/2013\/06\/per\u00edcia-m\u00e9dica-passo-fundo-rs.jpg\"><img aria-describedby=\"caption-attachment-747\" decoding=\"async\" loading=\"lazy\" class=\"size-full wp-image-747 \" title=\"quarto bebidas quarto bebidas carazinho de motel em carazinho\" src=\"https:\/\/www.fantasycarazinho.com.br\/site\/wp-content\/uploads\/2013\/06\/per\u00edcia-m\u00e9dica-passo-fundo-rs.jpg\" alt=\"quarto bebidas quarto bebidas carazinho de motel em carazinho\" width=\"343\" height=\"300\"  loading=\"lazy\" \/><\/a><p id=\"caption-attachment-747\" class=\"wp-caption-text\">quarto bebidas quarto bebidas carazinho de motel em carazinho<\/p><\/div>\n<\/div>\n","protected":false},"excerpt":{"rendered":"<p>quarto carazinho suite carazinho, fantasyr em carazinho, motel, carazinho RS, motel e quarto bebidas carazinho motel em carazinho,\u00a0fantasyr carazinho, suite carazinho, motel em carazinho, quarto carazinho e regi\u00e3o, suite carazinho em carazinho, motel venda fantasyr quarto bebidas carazinho, quarto em carazinho rs, motel, para carazinho e regi\u00e3o, motel para carazinho e regi\u00e3o\u00a0quarto bebidas quarto bebidas [&hellip;]<\/p>\n","protected":false},"author":1,"featured_media":0,"parent":0,"menu_order":0,"comment_status":"closed","ping_status":"closed","template":"template-inicio.php","meta":[],"_links":{"self":[{"href":"https:\/\/www.fantasycarazinho.com.br\/site\/wp-json\/wp\/v2\/pages\/38"}],"collection":[{"href":"https:\/\/www.fantasycarazinho.com.br\/site\/wp-json\/wp\/v2\/pages"}],"about":[{"href":"https:\/\/www.fantasycarazinho.com.br\/site\/wp-json\/wp\/v2\/types\/page"}],"author":[{"embeddable":true,"href":"https:\/\/www.fantasycarazinho.com.br\/site\/wp-json\/wp\/v2\/users\/1"}],"replies":[{"embeddable":true,"href":"https:\/\/www.fantasycarazinho.com.br\/site\/wp-json\/wp\/v2\/comments?post=38"}],"version-history":[{"count":5,"href":"https:\/\/www.fantasycarazinho.com.br\/site\/wp-json\/wp\/v2\/pages\/38\/revisions"}],"predecessor-version":[{"id":2329,"href":"https:\/\/www.fantasycarazinho.com.br\/site\/wp-json\/wp\/v2\/pages\/38\/revisions\/2329"}],"wp:attachment":[{"href":"https:\/\/www.fantasycarazinho.com.br\/site\/wp-json\/wp\/v2\/media?parent=38"}],"curies":[{"name":"wp","href":"https:\/\/api.w.org\/{rel}","templated":true}]}}