{"id":17,"date":"2022-05-16T17:40:29","date_gmt":"2022-05-16T17:40:29","guid":{"rendered":"https:\/\/www.fantasycarazinho.com.br\/site\/?page_id=17"},"modified":"2025-04-24T16:29:35","modified_gmt":"2025-04-24T19:29:35","slug":"seja-vip","status":"publish","type":"page","link":"https:\/\/www.fantasycarazinho.com.br\/site\/seja-vip\/","title":{"rendered":"Seja VIP"},"content":{"rendered":"<h1 align=\"center\">O CART\u00c3O VIRTUAL \u00c9 DE SIMPLES UTILIZA\u00c7\u00c3O<\/h1>\n<p>O n\u00famero do seu cart\u00e3o s\u00e3o os 6 primeiros d\u00edgitos do seu CPF; Cart\u00e3o sem senha;<\/p>\n<p>Basta, na sa\u00edda, informar os 6 d\u00edgitos, e seu desconto ser\u00e1 concedido!<\/p>\n<p>O desconto de 10% \u00e9 permanente, onde toda 5\u00aa estada ganhar\u00e1 50% de desconto. Um ciclo de desconto de 50% cont\u00ednuo.<\/p>\n<p>As estadas valem para todos mot\u00e9is associados ao Motel Paradiso e v\u00e1lidas em qualquer su\u00edte e em qualquer dia.<\/p>\n<p>*Cart\u00e3o v\u00e1lido em todas categorias de su\u00edtes, exceto categoria luxo.<\/p>\n<p>Casa voc\u00ea ainda n\u00e3o seja VIP, basta solicitar o cadastro na sa\u00edda da sua estadia, antes de realizar o pagamento, ou realize seu cadastro agora mesmo pelo formul\u00e1rio abaixo:<\/p>\n<p style=\"text-align: center;\"><div role=\"form\" class=\"wpcf7\" id=\"wpcf7-f1555-o1\" lang=\"pt-BR\" dir=\"ltr\">\n<div class=\"screen-reader-response\" role=\"alert\" aria-live=\"polite\"><\/div>\n<form action=\"\/site\/wp-json\/wp\/v2\/pages\/17#wpcf7-f1555-o1\" method=\"post\" class=\"wpcf7-form init\" novalidate=\"novalidate\">\n<div style=\"display: none;\">\n<input type=\"hidden\" name=\"_wpcf7\" value=\"1555\" \/>\n<input type=\"hidden\" name=\"_wpcf7_version\" value=\"5.2\" \/>\n<input type=\"hidden\" name=\"_wpcf7_locale\" value=\"pt_BR\" \/>\n<input type=\"hidden\" name=\"_wpcf7_unit_tag\" value=\"wpcf7-f1555-o1\" \/>\n<input type=\"hidden\" name=\"_wpcf7_container_post\" value=\"0\" \/>\n<input type=\"hidden\" name=\"_wpcf7_posted_data_hash\" value=\"\" \/>\n<\/div>\n<div class=\"formColFull\">\n    <span class=\"wpcf7-form-control-wrap nome\"><input type=\"text\" name=\"nome\" value=\"\" size=\"40\" class=\"wpcf7-form-control wpcf7-text wpcf7-validates-as-required\" aria-required=\"true\" aria-invalid=\"false\" placeholder=\"*Nome\" \/><\/span> <\/div>\n<div class=\"formCol2\">\n    <span class=\"wpcf7-form-control-wrap email\"><input type=\"email\" name=\"email\" value=\"\" size=\"40\" class=\"wpcf7-form-control wpcf7-text wpcf7-email wpcf7-validates-as-required wpcf7-validates-as-email\" aria-required=\"true\" aria-invalid=\"false\" placeholder=\"*E-mail\" \/><\/span> <\/div>\n<div class=\"formCol2\">\n<span class=\"wpcf7-form-control-wrap whatsapp\"><input type=\"text\" name=\"whatsapp\" value=\"\" size=\"40\" class=\"wpcf7-form-control wpcf7-text wpcf7-validates-as-required\" aria-required=\"true\" aria-invalid=\"false\" placeholder=\"*Whatsapp\" \/><\/span>\n   <\/div>\n<div class=\"formCol2\">\n    <span class=\"wpcf7-form-control-wrap nascimento\"><input type=\"text\" name=\"nascimento\" value=\"\" size=\"40\" class=\"wpcf7-form-control wpcf7-text wpcf7-validates-as-required\" aria-required=\"true\" aria-invalid=\"false\" placeholder=\"*Data de Nascimento\" \/><\/span><\/div>\n<div class=\"formCol2\">\n     <span class=\"wpcf7-form-control-wrap cpf\"><input type=\"text\" name=\"cpf\" value=\"\" size=\"40\" class=\"wpcf7-form-control wpcf7-text wpcf7-validates-as-required\" aria-required=\"true\" aria-invalid=\"false\" placeholder=\"*6 primeiros d\u00edgitos do CPF\" \/><\/span> <\/div>\n<div align=\"center\"><br><br><input type=\"submit\" value=\"Enviar meu Cadastro\" class=\"wpcf7-form-control wpcf7-submit\" \/><\/div>\n<div class=\"wpcf7-response-output\" role=\"alert\" aria-hidden=\"true\"><\/div><\/form><\/div><\/p>\n","protected":false},"excerpt":{"rendered":"<p>O CART\u00c3O VIRTUAL \u00c9 DE SIMPLES UTILIZA\u00c7\u00c3O O n\u00famero do seu cart\u00e3o s\u00e3o os 6 primeiros d\u00edgitos do seu CPF; Cart\u00e3o sem senha; Basta, na sa\u00edda, informar os 6 d\u00edgitos, e seu desconto ser\u00e1 concedido! O desconto de 10% \u00e9 permanente, onde toda 5\u00aa estada ganhar\u00e1 50% de desconto. Um ciclo de desconto de 50% [&hellip;]<\/p>\n","protected":false},"author":1,"featured_media":0,"parent":0,"menu_order":0,"comment_status":"closed","ping_status":"closed","template":"","meta":[],"_links":{"self":[{"href":"https:\/\/www.fantasycarazinho.com.br\/site\/wp-json\/wp\/v2\/pages\/17"}],"collection":[{"href":"https:\/\/www.fantasycarazinho.com.br\/site\/wp-json\/wp\/v2\/pages"}],"about":[{"href":"https:\/\/www.fantasycarazinho.com.br\/site\/wp-json\/wp\/v2\/types\/page"}],"author":[{"embeddable":true,"href":"https:\/\/www.fantasycarazinho.com.br\/site\/wp-json\/wp\/v2\/users\/1"}],"replies":[{"embeddable":true,"href":"https:\/\/www.fantasycarazinho.com.br\/site\/wp-json\/wp\/v2\/comments?post=17"}],"version-history":[{"count":21,"href":"https:\/\/www.fantasycarazinho.com.br\/site\/wp-json\/wp\/v2\/pages\/17\/revisions"}],"predecessor-version":[{"id":2310,"href":"https:\/\/www.fantasycarazinho.com.br\/site\/wp-json\/wp\/v2\/pages\/17\/revisions\/2310"}],"wp:attachment":[{"href":"https:\/\/www.fantasycarazinho.com.br\/site\/wp-json\/wp\/v2\/media?parent=17"}],"curies":[{"name":"wp","href":"https:\/\/api.w.org\/{rel}","templated":true}]}}